{"id":8,"date":"2024-03-22T13:36:08","date_gmt":"2024-03-22T13:36:08","guid":{"rendered":"https:\/\/dealmaroc.com\/index.php\/home\/"},"modified":"2024-04-08T11:55:43","modified_gmt":"2024-04-08T11:55:43","slug":"decouvrez-une-source-de-blogs-varies-et-captivants","status":"publish","type":"page","link":"https:\/\/dealmaroc.com\/","title":{"rendered":"Deal Maroc: D\u00e9couvrez une Source In\u00e9puisable de guides Vari\u00e9s et Captivants!"},"content":{"rendered":"\n<div class=\"wp-block-columns is-layout-flex wp-container-core-columns-is-layout-28f84493 wp-block-columns-is-layout-flex\">\n<div class=\"wp-block-column is-layout-flow wp-block-column-is-layout-flow\">\n<h2 class=\"wp-block-heading\">Bienvenue sur Deal Maroc!<\/h2>\n\n\n\n<p>D\u00e9couvrez un univers de guides vari\u00e9s et captivants, allant des derni\u00e8res tendances dans l&#8217;industrie h\u00f4teli\u00e8re aux conseils pour voyager en toute tranquillit\u00e9 \u00e0 travers les a\u00e9roports. Chez Deal Maroc, nous explorons une multitude de sujets, allant <a href=\"https:\/\/benidex.com\">du mobilier scolaire <\/a>\u00e0 <a href=\"https:\/\/benidex.com\/categorie-produit\/mobilier-de-bureau\/\">l&#8217;am\u00e9nagement de bureaux<\/a>, pour vous offrir une source d&#8217;inspiration in\u00e9puisable.<\/p>\n\n\n\n<p>Parcourez nos articles d\u00e8s maintenant et plongez dans un monde de d\u00e9couvertes passionnantes sur Deal Maroc!<\/p>\n\n\n\n<p>Que vous soyez \u00e0 la recherche de guides pour votre prochain s\u00e9jour ou que vous souhaitiez rester inform\u00e9 des derni\u00e8res innovations dans le mobilier et l&#8217;\u00e9quipement scolaire, notre plateforme est votre compagnon id\u00e9al. Notre \u00e9quipe passionn\u00e9e vous propose des articles riches en informations et en conseils pratiques, pour vous aider \u00e0 naviguer dans tous les aspects de la vie moderne au Maroc.<\/p>\n<\/div>\n\n\n\n<div class=\"wp-block-column is-layout-flow wp-block-column-is-layout-flow\">\n<figure class=\"wp-block-image aligncenter size-large is-resized\"><img loading=\"lazy\" decoding=\"async\" width=\"1024\" height=\"1024\" src=\"https:\/\/dealmaroc.com\/wp-content\/uploads\/2024\/03\/deal_pic-1-1024x1024.jpg\" alt=\"\" class=\"wp-image-29\" style=\"width:453px;height:auto\" srcset=\"https:\/\/dealmaroc.com\/wp-content\/uploads\/2024\/03\/deal_pic-1-1024x1024.jpg 1024w, https:\/\/dealmaroc.com\/wp-content\/uploads\/2024\/03\/deal_pic-1-300x300.jpg 300w, https:\/\/dealmaroc.com\/wp-content\/uploads\/2024\/03\/deal_pic-1-150x150.jpg 150w, https:\/\/dealmaroc.com\/wp-content\/uploads\/2024\/03\/deal_pic-1-768x768.jpg 768w, https:\/\/dealmaroc.com\/wp-content\/uploads\/2024\/03\/deal_pic-1-1536x1536.jpg 1536w, https:\/\/dealmaroc.com\/wp-content\/uploads\/2024\/03\/deal_pic-1.jpg 2000w\" sizes=\"auto, (max-width: 1024px) 100vw, 1024px\" \/><\/figure>\n<\/div>\n<\/div>\n\n\n\n<p><\/p>\n\n\n\n<div class=\"wp-block-columns is-layout-flex wp-container-core-columns-is-layout-28f84493 wp-block-columns-is-layout-flex\">\n<div class=\"wp-block-column is-layout-flow wp-block-column-is-layout-flow\">\n<figure class=\"wp-block-image alignleft size-large is-resized\"><a href=\"https:\/\/dealmaroc.com\/index.php\/category\/mobilier\/\"><img loading=\"lazy\" decoding=\"async\" width=\"1024\" height=\"512\" src=\"https:\/\/dealmaroc.com\/wp-content\/uploads\/2024\/03\/Neutral-Minimalist-Skincare-Site-Banner-6-1024x512.png\" alt=\"\" class=\"wp-image-74\" style=\"width:340px;height:auto\" srcset=\"https:\/\/dealmaroc.com\/wp-content\/uploads\/2024\/03\/Neutral-Minimalist-Skincare-Site-Banner-6-1024x512.png 1024w, https:\/\/dealmaroc.com\/wp-content\/uploads\/2024\/03\/Neutral-Minimalist-Skincare-Site-Banner-6-300x150.png 300w, https:\/\/dealmaroc.com\/wp-content\/uploads\/2024\/03\/Neutral-Minimalist-Skincare-Site-Banner-6-768x384.png 768w, https:\/\/dealmaroc.com\/wp-content\/uploads\/2024\/03\/Neutral-Minimalist-Skincare-Site-Banner-6-1536x768.png 1536w, https:\/\/dealmaroc.com\/wp-content\/uploads\/2024\/03\/Neutral-Minimalist-Skincare-Site-Banner-6-2048x1024.png 2048w\" sizes=\"auto, (max-width: 1024px) 100vw, 1024px\" \/><\/a><\/figure>\n<\/div>\n\n\n\n<div class=\"wp-block-column is-layout-flow wp-block-column-is-layout-flow\">\n<figure class=\"wp-block-image aligncenter size-large is-resized\"><a href=\"https:\/\/dealmaroc.com\/index.php\/category\/sante\/\"><img loading=\"lazy\" decoding=\"async\" width=\"1024\" height=\"1017\" src=\"https:\/\/dealmaroc.com\/wp-content\/uploads\/2024\/03\/sante-1024x1017.png\" alt=\"\" class=\"wp-image-67\" style=\"width:174px;height:auto\" srcset=\"https:\/\/dealmaroc.com\/wp-content\/uploads\/2024\/03\/sante-1024x1017.png 1024w, https:\/\/dealmaroc.com\/wp-content\/uploads\/2024\/03\/sante-300x298.png 300w, https:\/\/dealmaroc.com\/wp-content\/uploads\/2024\/03\/sante-150x150.png 150w, https:\/\/dealmaroc.com\/wp-content\/uploads\/2024\/03\/sante-768x762.png 768w, https:\/\/dealmaroc.com\/wp-content\/uploads\/2024\/03\/sante-1536x1525.png 1536w, https:\/\/dealmaroc.com\/wp-content\/uploads\/2024\/03\/sante-2048x2033.png 2048w\" sizes=\"auto, (max-width: 1024px) 100vw, 1024px\" \/><\/a><\/figure>\n<\/div>\n\n\n\n<div class=\"wp-block-column is-layout-flow wp-block-column-is-layout-flow\">\n<figure class=\"wp-block-image alignright size-large is-resized\"><a href=\"https:\/\/dealmaroc.com\/index.php\/category\/finance\/\"><img loading=\"lazy\" decoding=\"async\" width=\"1024\" height=\"512\" src=\"https:\/\/dealmaroc.com\/wp-content\/uploads\/2024\/03\/Neutral-Minimalist-Skincare-Site-Banner-5-1024x512.png\" alt=\"\" class=\"wp-image-73\" style=\"width:341px;height:auto\" srcset=\"https:\/\/dealmaroc.com\/wp-content\/uploads\/2024\/03\/Neutral-Minimalist-Skincare-Site-Banner-5-1024x512.png 1024w, https:\/\/dealmaroc.com\/wp-content\/uploads\/2024\/03\/Neutral-Minimalist-Skincare-Site-Banner-5-300x150.png 300w, https:\/\/dealmaroc.com\/wp-content\/uploads\/2024\/03\/Neutral-Minimalist-Skincare-Site-Banner-5-768x384.png 768w, https:\/\/dealmaroc.com\/wp-content\/uploads\/2024\/03\/Neutral-Minimalist-Skincare-Site-Banner-5-1536x768.png 1536w, https:\/\/dealmaroc.com\/wp-content\/uploads\/2024\/03\/Neutral-Minimalist-Skincare-Site-Banner-5-2048x1024.png 2048w\" sizes=\"auto, (max-width: 1024px) 100vw, 1024px\" \/><\/a><\/figure>\n<\/div>\n<\/div>\n\n\n","protected":false},"excerpt":{"rendered":"<p>Bienvenue sur Deal Maroc! D\u00e9couvrez un univers de guides vari\u00e9s et captivants, allant des derni\u00e8res tendances dans l&#8217;industrie h\u00f4teli\u00e8re aux [&hellip;]<\/p>\n","protected":false},"author":1,"featured_media":0,"parent":0,"menu_order":0,"comment_status":"closed","ping_status":"closed","template":"","meta":{"site-sidebar-layout":"default","site-content-layout":"","ast-site-content-layout":"default","site-content-style":"default","site-sidebar-style":"default","ast-global-header-display":"","ast-banner-title-visibility":"","ast-main-header-display":"","ast-hfb-above-header-display":"","ast-hfb-below-header-display":"","ast-hfb-mobile-header-display":"","site-post-title":"","ast-breadcrumbs-content":"","ast-featured-img":"","footer-sml-layout":"","ast-disable-related-posts":"","theme-transparent-header-meta":"","adv-header-id-meta":"","stick-header-meta":"","header-above-stick-meta":"","header-main-stick-meta":"","header-below-stick-meta":"","astra-migrate-meta-layouts":"default","ast-page-background-enabled":"default","ast-page-background-meta":{"desktop":{"background-color":"var(--ast-global-color-4)","background-image":"","background-repeat":"repeat","background-position":"center center","background-size":"auto","background-attachment":"scroll","background-type":"","background-media":"","overlay-type":"","overlay-color":"","overlay-opacity":"","overlay-gradient":""},"tablet":{"background-color":"","background-image":"","background-repeat":"repeat","background-position":"center center","background-size":"auto","background-attachment":"scroll","background-type":"","background-media":"","overlay-type":"","overlay-color":"","overlay-opacity":"","overlay-gradient":""},"mobile":{"background-color":"","background-image":"","background-repeat":"repeat","background-position":"center center","background-size":"auto","background-attachment":"scroll","background-type":"","background-media":"","overlay-type":"","overlay-color":"","overlay-opacity":"","overlay-gradient":""}},"ast-content-background-meta":{"desktop":{"background-color":"var(--ast-global-color-5)","background-image":"","background-repeat":"repeat","background-position":"center center","background-size":"auto","background-attachment":"scroll","background-type":"","background-media":"","overlay-type":"","overlay-color":"","overlay-opacity":"","overlay-gradient":""},"tablet":{"background-color":"var(--ast-global-color-5)","background-image":"","background-repeat":"repeat","background-position":"center center","background-size":"auto","background-attachment":"scroll","background-type":"","background-media":"","overlay-type":"","overlay-color":"","overlay-opacity":"","overlay-gradient":""},"mobile":{"background-color":"var(--ast-global-color-5)","background-image":"","background-repeat":"repeat","background-position":"center center","background-size":"auto","background-attachment":"scroll","background-type":"","background-media":"","overlay-type":"","overlay-color":"","overlay-opacity":"","overlay-gradient":""}},"footnotes":""},"class_list":["post-8","page","type-page","status-publish","hentry"],"yoast_head":"<!-- This site is optimized with the Yoast SEO plugin v27.5 - https:\/\/yoast.com\/product\/yoast-seo-wordpress\/ -->\n<title>D\u00e9couvrez une Source de Guides Vari\u00e9s et Captivants!<\/title>\n<meta name=\"description\" content=\"D\u00e9couvrez un monde captivant sur Deal Maroc ! Articles vari\u00e9s, conseils de voyage, guides et plus encore vous attendent.\" \/>\n<meta name=\"robots\" content=\"index, follow, max-snippet:-1, max-image-preview:large, max-video-preview:-1\" \/>\n<link rel=\"canonical\" href=\"https:\/\/dealmaroc.com\/\" \/>\n<meta property=\"og:locale\" content=\"en_US\" \/>\n<meta property=\"og:type\" content=\"article\" \/>\n<meta property=\"og:title\" content=\"D\u00e9couvrez une Source de Guides Vari\u00e9s et Captivants!\" \/>\n<meta property=\"og:description\" content=\"D\u00e9couvrez un monde captivant sur Deal Maroc ! Articles vari\u00e9s, conseils de voyage, guides et plus encore vous attendent.\" \/>\n<meta property=\"og:url\" content=\"https:\/\/dealmaroc.com\/\" \/>\n<meta property=\"og:site_name\" content=\"Deal Maroc\" \/>\n<meta property=\"article:modified_time\" content=\"2024-04-08T11:55:43+00:00\" \/>\n<meta property=\"og:image\" content=\"https:\/\/dealmaroc.com\/wp-content\/uploads\/2024\/03\/deal_pic-1-1024x1024.jpg\" \/>\n<meta name=\"twitter:card\" content=\"summary_large_image\" \/>\n<meta name=\"twitter:label1\" content=\"Est. reading time\" \/>\n\t<meta name=\"twitter:data1\" content=\"2 minutes\" \/>\n<script type=\"application\/ld+json\" class=\"yoast-schema-graph\">{\"@context\":\"https:\\\/\\\/schema.org\",\"@graph\":[{\"@type\":\"WebPage\",\"@id\":\"https:\\\/\\\/dealmaroc.com\\\/\",\"url\":\"https:\\\/\\\/dealmaroc.com\\\/\",\"name\":\"D\u00e9couvrez une Source de Guides Vari\u00e9s et Captivants!\",\"isPartOf\":{\"@id\":\"https:\\\/\\\/dealmaroc.com\\\/#website\"},\"primaryImageOfPage\":{\"@id\":\"https:\\\/\\\/dealmaroc.com\\\/#primaryimage\"},\"image\":{\"@id\":\"https:\\\/\\\/dealmaroc.com\\\/#primaryimage\"},\"thumbnailUrl\":\"https:\\\/\\\/dealmaroc.com\\\/wp-content\\\/uploads\\\/2024\\\/03\\\/deal_pic-1-1024x1024.jpg\",\"datePublished\":\"2024-03-22T13:36:08+00:00\",\"dateModified\":\"2024-04-08T11:55:43+00:00\",\"description\":\"D\u00e9couvrez un monde captivant sur Deal Maroc ! Articles vari\u00e9s, conseils de voyage, guides et plus encore vous attendent.\",\"breadcrumb\":{\"@id\":\"https:\\\/\\\/dealmaroc.com\\\/#breadcrumb\"},\"inLanguage\":\"en-US\",\"potentialAction\":[{\"@type\":\"ReadAction\",\"target\":[\"https:\\\/\\\/dealmaroc.com\\\/\"]}]},{\"@type\":\"ImageObject\",\"inLanguage\":\"en-US\",\"@id\":\"https:\\\/\\\/dealmaroc.com\\\/#primaryimage\",\"url\":\"https:\\\/\\\/dealmaroc.com\\\/wp-content\\\/uploads\\\/2024\\\/03\\\/deal_pic-1.jpg\",\"contentUrl\":\"https:\\\/\\\/dealmaroc.com\\\/wp-content\\\/uploads\\\/2024\\\/03\\\/deal_pic-1.jpg\",\"width\":2000,\"height\":2000},{\"@type\":\"BreadcrumbList\",\"@id\":\"https:\\\/\\\/dealmaroc.com\\\/#breadcrumb\",\"itemListElement\":[{\"@type\":\"ListItem\",\"position\":1,\"name\":\"Home\",\"item\":\"https:\\\/\\\/dealmaroc.com\\\/\"},{\"@type\":\"ListItem\",\"position\":2,\"name\":\"Deal Maroc: D\u00e9couvrez une Source In\u00e9puisable de guides Vari\u00e9s et Captivants!\"}]},{\"@type\":\"WebSite\",\"@id\":\"https:\\\/\\\/dealmaroc.com\\\/#website\",\"url\":\"https:\\\/\\\/dealmaroc.com\\\/\",\"name\":\"Deal Maroc\",\"description\":\"\",\"publisher\":{\"@id\":\"https:\\\/\\\/dealmaroc.com\\\/#organization\"},\"potentialAction\":[{\"@type\":\"SearchAction\",\"target\":{\"@type\":\"EntryPoint\",\"urlTemplate\":\"https:\\\/\\\/dealmaroc.com\\\/?s={search_term_string}\"},\"query-input\":{\"@type\":\"PropertyValueSpecification\",\"valueRequired\":true,\"valueName\":\"search_term_string\"}}],\"inLanguage\":\"en-US\"},{\"@type\":\"Organization\",\"@id\":\"https:\\\/\\\/dealmaroc.com\\\/#organization\",\"name\":\"Deal Maroc\",\"url\":\"https:\\\/\\\/dealmaroc.com\\\/\",\"logo\":{\"@type\":\"ImageObject\",\"inLanguage\":\"en-US\",\"@id\":\"https:\\\/\\\/dealmaroc.com\\\/#\\\/schema\\\/logo\\\/image\\\/\",\"url\":\"https:\\\/\\\/dealmaroc.com\\\/wp-content\\\/uploads\\\/2024\\\/03\\\/cropped-logo_deal.png\",\"contentUrl\":\"https:\\\/\\\/dealmaroc.com\\\/wp-content\\\/uploads\\\/2024\\\/03\\\/cropped-logo_deal.png\",\"width\":406,\"height\":179,\"caption\":\"Deal Maroc\"},\"image\":{\"@id\":\"https:\\\/\\\/dealmaroc.com\\\/#\\\/schema\\\/logo\\\/image\\\/\"}}]}<\/script>\n<!-- \/ Yoast SEO plugin. -->","yoast_head_json":{"title":"D\u00e9couvrez une Source de Guides Vari\u00e9s et Captivants!","description":"D\u00e9couvrez un monde captivant sur Deal Maroc ! Articles vari\u00e9s, conseils de voyage, guides et plus encore vous attendent.","robots":{"index":"index","follow":"follow","max-snippet":"max-snippet:-1","max-image-preview":"max-image-preview:large","max-video-preview":"max-video-preview:-1"},"canonical":"https:\/\/dealmaroc.com\/","og_locale":"en_US","og_type":"article","og_title":"D\u00e9couvrez une Source de Guides Vari\u00e9s et Captivants!","og_description":"D\u00e9couvrez un monde captivant sur Deal Maroc ! Articles vari\u00e9s, conseils de voyage, guides et plus encore vous attendent.","og_url":"https:\/\/dealmaroc.com\/","og_site_name":"Deal Maroc","article_modified_time":"2024-04-08T11:55:43+00:00","og_image":[{"url":"https:\/\/dealmaroc.com\/wp-content\/uploads\/2024\/03\/deal_pic-1-1024x1024.jpg","type":"","width":"","height":""}],"twitter_card":"summary_large_image","twitter_misc":{"Est. reading time":"2 minutes"},"schema":{"@context":"https:\/\/schema.org","@graph":[{"@type":"WebPage","@id":"https:\/\/dealmaroc.com\/","url":"https:\/\/dealmaroc.com\/","name":"D\u00e9couvrez une Source de Guides Vari\u00e9s et Captivants!","isPartOf":{"@id":"https:\/\/dealmaroc.com\/#website"},"primaryImageOfPage":{"@id":"https:\/\/dealmaroc.com\/#primaryimage"},"image":{"@id":"https:\/\/dealmaroc.com\/#primaryimage"},"thumbnailUrl":"https:\/\/dealmaroc.com\/wp-content\/uploads\/2024\/03\/deal_pic-1-1024x1024.jpg","datePublished":"2024-03-22T13:36:08+00:00","dateModified":"2024-04-08T11:55:43+00:00","description":"D\u00e9couvrez un monde captivant sur Deal Maroc ! Articles vari\u00e9s, conseils de voyage, guides et plus encore vous attendent.","breadcrumb":{"@id":"https:\/\/dealmaroc.com\/#breadcrumb"},"inLanguage":"en-US","potentialAction":[{"@type":"ReadAction","target":["https:\/\/dealmaroc.com\/"]}]},{"@type":"ImageObject","inLanguage":"en-US","@id":"https:\/\/dealmaroc.com\/#primaryimage","url":"https:\/\/dealmaroc.com\/wp-content\/uploads\/2024\/03\/deal_pic-1.jpg","contentUrl":"https:\/\/dealmaroc.com\/wp-content\/uploads\/2024\/03\/deal_pic-1.jpg","width":2000,"height":2000},{"@type":"BreadcrumbList","@id":"https:\/\/dealmaroc.com\/#breadcrumb","itemListElement":[{"@type":"ListItem","position":1,"name":"Home","item":"https:\/\/dealmaroc.com\/"},{"@type":"ListItem","position":2,"name":"Deal Maroc: D\u00e9couvrez une Source In\u00e9puisable de guides Vari\u00e9s et Captivants!"}]},{"@type":"WebSite","@id":"https:\/\/dealmaroc.com\/#website","url":"https:\/\/dealmaroc.com\/","name":"Deal Maroc","description":"","publisher":{"@id":"https:\/\/dealmaroc.com\/#organization"},"potentialAction":[{"@type":"SearchAction","target":{"@type":"EntryPoint","urlTemplate":"https:\/\/dealmaroc.com\/?s={search_term_string}"},"query-input":{"@type":"PropertyValueSpecification","valueRequired":true,"valueName":"search_term_string"}}],"inLanguage":"en-US"},{"@type":"Organization","@id":"https:\/\/dealmaroc.com\/#organization","name":"Deal Maroc","url":"https:\/\/dealmaroc.com\/","logo":{"@type":"ImageObject","inLanguage":"en-US","@id":"https:\/\/dealmaroc.com\/#\/schema\/logo\/image\/","url":"https:\/\/dealmaroc.com\/wp-content\/uploads\/2024\/03\/cropped-logo_deal.png","contentUrl":"https:\/\/dealmaroc.com\/wp-content\/uploads\/2024\/03\/cropped-logo_deal.png","width":406,"height":179,"caption":"Deal Maroc"},"image":{"@id":"https:\/\/dealmaroc.com\/#\/schema\/logo\/image\/"}}]}},"_links":{"self":[{"href":"https:\/\/dealmaroc.com\/index.php\/wp-json\/wp\/v2\/pages\/8","targetHints":{"allow":["GET"]}}],"collection":[{"href":"https:\/\/dealmaroc.com\/index.php\/wp-json\/wp\/v2\/pages"}],"about":[{"href":"https:\/\/dealmaroc.com\/index.php\/wp-json\/wp\/v2\/types\/page"}],"author":[{"embeddable":true,"href":"https:\/\/dealmaroc.com\/index.php\/wp-json\/wp\/v2\/users\/1"}],"replies":[{"embeddable":true,"href":"https:\/\/dealmaroc.com\/index.php\/wp-json\/wp\/v2\/comments?post=8"}],"version-history":[{"count":7,"href":"https:\/\/dealmaroc.com\/index.php\/wp-json\/wp\/v2\/pages\/8\/revisions"}],"predecessor-version":[{"id":111,"href":"https:\/\/dealmaroc.com\/index.php\/wp-json\/wp\/v2\/pages\/8\/revisions\/111"}],"wp:attachment":[{"href":"https:\/\/dealmaroc.com\/index.php\/wp-json\/wp\/v2\/media?parent=8"}],"curies":[{"name":"wp","href":"https:\/\/api.w.org\/{rel}","templated":true}]}}